{"id":256,"date":"2023-09-07T17:52:32","date_gmt":"2023-09-07T17:52:32","guid":{"rendered":"https:\/\/www.adagreatlakes.org\/adaindiana\/?page_id=256"},"modified":"2023-09-07T17:52:32","modified_gmt":"2023-09-07T17:52:32","slug":"espanol","status":"publish","type":"page","link":"https:\/\/www.adagreatlakes.org\/adaindiana\/?page_id=256","title":{"rendered":"Espa\u00f1ol"},"content":{"rendered":"\n<h5 class=\"wp-block-heading\">ADA-Indiana y El Centro Great Lakes ADA<\/h5>\n\n\n\n<p>ADA-Indiana es un estado de la filial de El Centro Great Lakes ADA. El Centro Great Lakes ADA provee<br>informaci\u00f3n, material, asistencia t\u00e9cnica y entrenamiento sobre la Ley para Personas con<br>Discapacidades de 1990 (Siglas en ingl\u00e9s ADA). La ADA abarca todos los aspectos de empleo y las<br>obligaciones de los gobiernos estatales y locales y de las empresas para asegurar que sus programas<br>y servicios est\u00e9n disponibles y \u00fatiles a las personas con discapacidades. Esto incluye el acceso a la<br>informaci\u00f3n tecnol\u00f3gica que utilizan estas entidades tales como p\u00e1ginas de Internet, sofware, kiosks,<br>etc.<\/p>\n\n\n\n<h5 class=\"wp-block-heading\">En la Web<\/h5>\n\n\n\n<p>Visite la <a href=\"https:\/\/www.adagreatlakes.org\/Espanol.asp\" data-type=\"link\" data-id=\"https:\/\/www.adagreatlakes.org\/Espanol.asp\">p\u00e1gina de Espa\u00f1ol<\/a> organizado por el Centro Great Lakes ADA.<\/p>\n\n\n\n<h5 class=\"wp-block-heading\">Necesita Ayuda Para Entender la ADA?<\/h5>\n\n\n\n<p>Tambi\u00e9n puede llamar a El Centro Great Lakes ADA al (800) 949-4232 y pregunte por el Especialista<br>en asistencia t\u00e9cnica biling\u00fce. El especialista de asistencia t\u00e9cnica ser\u00e1 capaz de ayudarle a obtener<br>varias publicaciones de ADA en Espa\u00f1ol.<\/p>\n","protected":false},"excerpt":{"rendered":"<p>ADA-Indiana y El Centro Great Lakes ADA ADA-Indiana es un estado de la filial de El Centro Great Lakes ADA. El Centro Great Lakes ADA proveeinformaci\u00f3n, material, asistencia t\u00e9cnica y entrenamiento sobre la Ley para Personas conDiscapacidades de 1990 (Siglas en ingl\u00e9s ADA). La ADA abarca todos los aspectos de empleo y lasobligaciones de los&#8230;<\/p>\n<p class=\"more-link-wrap\"><a href=\"https:\/\/www.adagreatlakes.org\/adaindiana\/?page_id=256\" class=\"more-link\">Read More<span class=\"screen-reader-text\"> &ldquo;Espa\u00f1ol&rdquo;<\/span> &raquo;<\/a><\/p>\n","protected":false},"author":2,"featured_media":0,"parent":0,"menu_order":0,"comment_status":"closed","ping_status":"closed","template":"","meta":{"footnotes":""},"class_list":["post-256","page","type-page","status-publish","hentry"],"_links":{"self":[{"href":"https:\/\/www.adagreatlakes.org\/adaindiana\/index.php?rest_route=\/wp\/v2\/pages\/256","targetHints":{"allow":["GET"]}}],"collection":[{"href":"https:\/\/www.adagreatlakes.org\/adaindiana\/index.php?rest_route=\/wp\/v2\/pages"}],"about":[{"href":"https:\/\/www.adagreatlakes.org\/adaindiana\/index.php?rest_route=\/wp\/v2\/types\/page"}],"author":[{"embeddable":true,"href":"https:\/\/www.adagreatlakes.org\/adaindiana\/index.php?rest_route=\/wp\/v2\/users\/2"}],"replies":[{"embeddable":true,"href":"https:\/\/www.adagreatlakes.org\/adaindiana\/index.php?rest_route=%2Fwp%2Fv2%2Fcomments&post=256"}],"version-history":[{"count":1,"href":"https:\/\/www.adagreatlakes.org\/adaindiana\/index.php?rest_route=\/wp\/v2\/pages\/256\/revisions"}],"predecessor-version":[{"id":257,"href":"https:\/\/www.adagreatlakes.org\/adaindiana\/index.php?rest_route=\/wp\/v2\/pages\/256\/revisions\/257"}],"wp:attachment":[{"href":"https:\/\/www.adagreatlakes.org\/adaindiana\/index.php?rest_route=%2Fwp%2Fv2%2Fmedia&parent=256"}],"curies":[{"name":"wp","href":"https:\/\/api.w.org\/{rel}","templated":true}]}}